{"id":21,"date":"2019-01-14T21:26:18","date_gmt":"2019-01-14T21:26:18","guid":{"rendered":"https:\/\/sprichspanisch.com\/one-page-express\/"},"modified":"2025-11-22T08:11:50","modified_gmt":"2025-11-22T08:11:50","slug":"one-page-express","status":"publish","type":"page","link":"https:\/\/sprichspanisch.com\/en\/","title":{"rendered":"Front Page"},"content":{"rendered":"<div  class=\"about-big-images-section\" id=\"die-sprache\" style=\"background-color: rgb(246, 246, 246);\" data-id=\"about-big-images-section\" data-label=\"Die Sprache\" data-category=\"about\"> <div  class=\"gridContainer\"> <div  class=\"about-big-images-textrow\"> <div  class=\"about-big-images-textcol dynamic-color\" data-type=\"column\"> <h3  class=\"\">The Language<\/h3> <h3  class=\"\"><span  class=\"span25\" href=\"#\">Toda aventura empieza con un s\u00ed.<\/span><\/h3> <p  class=\"\">Every Adventure begins with a \"YES\".\n<br ><br >There is no place where a language is at home. It belongs to everyone and is therefore lived differently throughout the world.<\/p>  <\/div> <\/div> <\/div> <div  class=\"about-big-images-bottomrow\"> <div  class=\"about-big-images-leftimgcol\"><img  decoding=\"async\" class=\"about-big-images-leftimg\" src=\"https:\/\/sprichspanisch.com\/wp-content\/uploads\/2019\/01\/csm_mexico-948047_1920_641589fd60.jpg\"> <\/div> <div  class=\"about-big-images-centerimgcol\"><img  decoding=\"async\" class=\"about-big-images-centerimg\" src=\"https:\/\/sprichspanisch.com\/wp-content\/uploads\/2019\/01\/DSCF0369.jpg\"> <\/div> <div  class=\"about-big-images-rightimgcol\"><img  decoding=\"async\" class=\"about-big-images-rightimg\" src=\"https:\/\/sprichspanisch.com\/wp-content\/uploads\/2019\/01\/IMG_4859-1.jpg\"> <\/div> <\/div> <\/div><div  class=\"features-coloured-icon-boxes-section\" id=\"was-machen-wir\" style=\"background-color: rgb(255, 255, 255);\" data-id=\"stripped-coloured-icon-boxes\" data-overlap=\"true\" data-label=\"Was machen wir\" data-category=\"overlapable\"> <div  class=\"gridContainer\"> <div  class=\"features-coloured-icon-boxes-innerrow flexbox-list dark-text\" data-type=\"row\"> <div  class=\"features-coloured-icon-boxes-featurecol cp12cols\"> <div  class=\"features-coloured-icon-boxes-iconcontainer\" data-content-item-container=\"true\"> <i  class=\"features-coloured-icon fa fa-smile-o\" data-cp-fa=\"true\"><\/i> <\/div> <h3  class=\"\">What we do<\/h3> <p  class=\"\">Durch B\u00fccher, Motivation, Ziele, Lernen, Ideen, H\u00f6ren, Konversation und Lachen werden Sie in einem angenehmen Klima unterrichtet. Unser Ziel ist es, Ihnen pers\u00f6nlichen Raum zum Lernen zu schaffen. Wir m\u00f6chten Ihnen nicht nur die Sprache vermitteln sondern auch die hispanische Kultur n\u00e4her bringen. Unsere Priorit\u00e4t ist es, auf Sie pers\u00f6nlich einzugehen, Sie abzuholen, Sie nach Ihrem individuellen Rhythmus zu unterrichten und dadurch das Lernen bestm\u00f6glich zu unterst\u00fctzen. Der Terminplan und die Unterrichtsorte k\u00f6nnen flexibel organisiert werden. Lassen Sie sich motivieren und tauchen Sie ein in die faszinierende Welt des Spanisch.<\/p>  <\/div>    <\/div> <\/div><\/div><div  class=\"about-four-boxes-section\" id=\"about-2\" style=\"background-color: rgb(246, 246, 246);\" data-id=\"about-four-boxes-section\" data-label=\"About\" data-category=\"about\"> <div  class=\"gridContainer\"> <div  class=\"about-four-boxes-innerrow flexbox-list\"> <div  class=\"about-four-boxes-imgcol\" style=\"background-image: url(&quot;https:\/\/sprichspanisch.com\/wp-content\/uploads\/2019\/01\/DSCF0950-1.jpg&quot;);\" data-bg=\"image\"><\/div> <div  class=\"about-four-boxes-textcol\" data-type=\"column\"> <h6  class=\"\">Spanish<\/h6> <h2  class=\"\">more than 523 Million native Speakers\n<br >Wordwide<\/h2> <p  class=\"\">30 Countries where the Language is spoken.<\/p> <\/div> <div  class=\"about-four-boxes-textcol\" data-type=\"column\"> <h6  class=\"\">under it are<\/h6> <h2  class=\"\">Spain, Mexico, Argentina, Colombia, Peru and many more<\/h2> <p  class=\"\">\u00a1Hasta la vista!<br >\u00a1QU\u00c9 GUAY!&nbsp;<\/p> <\/div> <div  class=\"about-four-boxes-imgcol2\" style=\"background-image: url(&quot;https:\/\/sprichspanisch.com\/wp-content\/uploads\/2019\/01\/IMG_7530.jpg&quot;);\" data-bg=\"image\"><\/div> <\/div> <\/div><\/div><div  class=\"features-small-image-cards-section\" id=\"angebot\" style=\"background-color: rgb(246, 246, 246);\" data-id=\"features-small-image-cards-section\" data-label=\"Angebot\" data-category=\"features\"> <div  class=\"gridContainer\"> <div  class=\"features-small-image-cards-textrow\"> <div  class=\"features-small-image-cards-textcol dynamic-color\" data-type=\"column\"> <h2  class=\"\">our Range<\/h2> <p  class=\"\">The first Lesson is free<\/p> <\/div> <\/div> <div  class=\"features-small-image-cards-featrow dark-text\" data-type=\"row\"> <div  class=\"features-small-image-cards-featcol cp6cols\"> <div  class=\"features-small-image-cards-featinnerrow flexbox-list\"> <div  class=\"features-small-image-cards-imgcol\" style=\"background-image: url(&quot;https:\/\/sprichspanisch.com\/wp-content\/uploads\/2019\/01\/Ch2_A2_Tipps_Unterricht_GymiVorbereitung.jpg&quot;);\" data-bg=\"image\"><\/div> <div  class=\"features-small-image-cards-featcol-feattextcol\" data-type=\"column\"> <h4  class=\"heading103\">Private Lessons <\/h4> <p  class=\"\">90 Minuten (Material inklusive) Der Preis f\u00fcr den Untericht wird pers\u00f6nlich vereinbart.<\/p> <hr  class=\"features-small-image-cards-separator\"> <\/div> <\/div> <\/div> <div  class=\"features-small-image-cards-featcol cp6cols\"> <div  class=\"features-small-image-cards-featinnerrow flexbox-list\"> <div  class=\"features-small-image-cards-imgcol\" style=\"background-image: url(&quot;https:\/\/sprichspanisch.com\/wp-content\/uploads\/2019\/01\/Semi_Privat_Roth_Language_Atelier-768x512.jpg&quot;);\" data-bg=\"image\"><\/div> <div  class=\"features-small-image-cards-featcol-feattextcol\" data-type=\"column\"> <h4  class=\"heading103\">Semiprivat (2-3 Personen)\n<\/h4> <p  class=\"\">\nSpanisch A1,A2,B1,B2\n<br >90 Minuten (Material inklusive)<br >Der Preis f\u00fcr den Untericht wird pers\u00f6nlich vereinbart.<\/p>  <\/div> <\/div> <\/div>  <div  class=\"features-small-image-cards-featcol cp6cols\"> <div  class=\"features-small-image-cards-featinnerrow flexbox-list\"> <div  class=\"features-small-image-cards-imgcol\" style=\"background-image: url(&quot;https:\/\/sprichspanisch.com\/wp-content\/uploads\/2019\/01\/IMG_8744-Kopie-Kopie-2.jpg&quot;);\" data-bg=\"image\"><\/div> <div  class=\"features-small-image-cards-featcol-feattextcol\" data-type=\"column\"> <h4  class=\"heading103\">further Offers all after Arrangement<\/h4> <p  class=\"\">- Courses and Workshops for Retirees<br >- Group private Lessons for Companies\n\n<br >- Holiday preparation Courses 2-3 Months (Vocabulary customizable)<br >- Conversation Courses\n<br >-Gutscheine<\/p>  <\/div> <\/div> <\/div> <\/div> <\/div><\/div><div  class=\"cta-blue-section\" id=\"cta-1\" data-id=\"cta-blue-section\" data-label=\"Call to action\" data-category=\"cta\"> <div  class=\"gridContainer\"> <div  class=\"flexbox-list flexbox-list-align-center row\"> <div  class=\"cta-blue-textcol dynamic-color\"> <h2  class=\"cta-blue-text\"><b  class=\"element2 within\">Write us, we look forward to your Message<\/b>\n<br ><br >Mariela &amp; Nancy<\/h2> <\/div> <div  class=\"cta-blue-btncol\"> <a class=\"button big yellow dark-text\" href=\"#kontakt\" target=\"_self\" rel=\"noopener\"> Contact <\/a> <\/div> <\/div> <\/div> <\/div><div  class=\"team-large-square-section\" id=\"team-2\" style=\"background-color: rgb(246, 246, 246);\" data-id=\"team-large-square-section\" data-label=\"Team\" data-category=\"team\"> <div  class=\"gridContainer\"> <div  class=\"team-large-square-textcol dynamic-color\" data-type=\"column\"> <h2  class=\"\">WHO ARE WE?<\/h2>  <h3  class=\"\">Hagas lo que hagas, hazlo con pasi\u00f3n.<\/h3><p  class=\"\">Do what you need to do, but do it with Passion.<\/p><\/div> <div  class=\"team-large-square-innerrow dark-text\" data-type=\"row\"> <div  class=\"team-large-square-membercol cp6cols-tablet cp6cols\"> <div  class=\"team-large-square-membercard\"> <div  class=\"contentswap-effect ContentSwap102\" id=\"ContentSwap102\" is-hovered=\"1\" hover-fx=\"ContentSwap102\"> <div  class=\"ContentSwap102_content initial-image\"><img  decoding=\"async\" class=\"image13\" src=\"https:\/\/sprichspanisch.com\/wp-content\/uploads\/2024\/06\/cropped-bikd.jpg\" data-size=\"800x800\"> <\/div> <div  class=\"overlay\" style=\"display: block; opacity: 1;\"><\/div> <div  class=\"swap-inner\" style=\"display: block; opacity: 1;\"> <div  class=\"ContentSwap102-center\"> <a href=\"mailto:info@sprichspanisch.com\" target=\"_blank\" rel=\"noopener\"><i  class=\"team-large-square-membericon fa fa-envelope-o\" data-cp-fa=\"true\"><\/i><\/a> <a href=\"https:\/\/www.facebook.com\/Sprich-Spanisch-Luzern-292299794762844?modal=admin_todo_tour\" target=\"_blank\" class=\"\" rel=\"noopener\"><i  class=\"team-large-square-membericon fa fa-facebook\" data-cp-fa=\"true\"><\/i><\/a> <a href=\"#\" target=\"_self\" data-reiki-hidden=\"true\" rel=\"noopener\"><i  class=\"team-large-square-membericon fa fa-dribbble\" data-cp-fa=\"true\"><\/i><\/a> <\/div> <\/div> <\/div> <div  class=\"team-large-square-memberinfo\" data-type=\"column\"> <h3  class=\"team-large-square-membername\">Mariela M\u00fcller Romo<\/h3> <h4  class=\"team-large-square-memberposition\"><\/h4> <p  class=\"\">I studied tourism and have been teaching in Central and Northern Switzerland since 2004. I live in Ebikon, I am married and mother of two girls. In Lucerne, I continued to educate myself as a Spanish teacher and playgroup leader. I have many years of professional experience and give Spanish lessons to retirees, private individuals, children and pharmaceutical and trade employees. My hobbies are hiking, traveling and culture. Spanish is a big passion for me. I am flexible, dedicated and I am happy to help the students to come out and enjoy the Spanish speaking.<\/p> <\/div> <\/div> <\/div> <div  class=\"team-large-square-membercol cp6cols-tablet cp6cols\"> <div  class=\"team-large-square-membercard\"> <div  class=\"contentswap-effect ContentSwap102\" id=\"ContentSwap102\" is-hovered=\"1\" hover-fx=\"ContentSwap102\"> <div  class=\"ContentSwap102_content initial-image\"><img  decoding=\"async\" class=\"image13\" src=\"https:\/\/sprichspanisch.com\/wp-content\/uploads\/2024\/06\/cropped-nancy.jpg\" data-size=\"800x800\"> <\/div> <div  class=\"overlay\" style=\"display: block; opacity: 1;\"><\/div> <div  class=\"swap-inner\" style=\"display: block; opacity: 1;\"> <div  class=\"ContentSwap102-center\"> <a href=\"mailto:info@sprichspanisch.com\" target=\"_blank\" rel=\"noopener\"><i  class=\"team-large-square-membericon fa fa-envelope-o\" data-cp-fa=\"true\"><\/i><\/a> <a href=\"https:\/\/www.facebook.com\/Sprich-Spanisch-Luzern-292299794762844?modal=admin_todo_tour\" target=\"_blank\" class=\"\" rel=\"noopener\"><i  class=\"team-large-square-membericon fa fa-facebook\" data-cp-fa=\"true\"><\/i><\/a> <a href=\"#\" target=\"_self\" data-reiki-hidden=\"true\" rel=\"noopener\"><i  class=\"team-large-square-membericon fa fa-dribbble\" data-cp-fa=\"true\"><\/i><\/a> <\/div> <\/div> <\/div> <div  class=\"team-large-square-memberinfo\" data-type=\"column\"> <h3  class=\"team-large-square-membername\">Nancy Bucher Mu\u00f1oz&nbsp;<\/h3> <h4  class=\"team-large-square-memberposition\"><\/h4> <p  class=\"\">&nbsp;Born in Colombia, I grew up in Ecuador since I was six. There I studied art history and then hotelerie. I completed the training to teach DELE. Together with my husband, I live since 1996 in Switzerland in Emmenbr\u00fccke. I am mother of a girl and a boy. In 2005 I started teaching in different language schools in Lucerne. As a Spanish teacher, I enjoy teaching both private and group lessons to our students. As a teacher, for me it is one of the best moments to open a new door to another culture for the students.<\/p> <\/div> <\/div> <\/div>  <\/div> <\/div><\/div><div  class=\"blog-section\" id=\"news\" style=\"background-color: rgb(255, 255, 255);\" data-id=\"blog-section\" data-label=\"News\" data-category=\"latest_news\"> <div  class=\"gridContainer\"> <div  class=\"blog-textrow\"> <div  class=\"blog-textcol dynamic-color\" data-type=\"column\"> <h2  class=\"\">News<\/h2>  <\/div> <\/div> <div  class=\"blog-postsrow dark-text\" data-type=\"row\" data-dynamic-columns=\"one_page_express_latest_news_columns\" data-content-shortcode=\"one_page_express_latest_news\">\t\t\t<div id=\"post-373\" class=\"blog-postcol cp4cols\">\n\t\t\t<div class=\"post-content\">\n\t\t\t\t\t\t\t\t<div class=\"row_345\">\n\t\t\t\t\t<h3 class=\"blog-title\">\n\t\t\t\t\t\t<a href=\"https:\/\/sprichspanisch.com\/en\/neu-kurs-online-buchen\/\" rel=\"bookmark\">\n\t\t\t\t\t\t\tNeu Kurs Online buchen.\t\t\t\t\t\t<\/a>\n\t\t\t\t\t<\/h3>\n\t\t\t\t\t\t\t\t\t\t<a class=\"button blue small\" href=\"https:\/\/sprichspanisch.com\/en\/neu-kurs-online-buchen\/\">\n\t\t\t\t\t\t<span data-theme=\"one_page_express_latest_news_read_more\">Read more<\/span>\n\t\t\t\t\t<\/a>\n\t\t\t\t\t<hr class=\"blog-separator\">\n<div class=\"post-header\">\n    <i class=\"font-icon-post fa fa-user\"><\/i>\n    <a href=\"https:\/\/sprichspanisch.com\/en\/author\/oliver\/\" title=\"Posts by Oliver\" rel=\"author\">Oliver<\/a>    <i class=\"font-icon-post fa fa-calendar\"><\/i>\n    <span class=\"span12\">July 3, 2024<\/span>\n\n    <i class=\"font-icon-post fa fa-comment-o\"><\/i>\n    <span>0<\/span>\n<\/div>\t\t\t\t<\/div>\n\t\t\t<\/div>\n\t\t<\/div>\n\t\t<\/div> <div  class=\"blog-textcol\"> <a class=\"button blue\" href=\"https:\/\/sprichspanisch.com\/en\/news\/\" target=\"_self\" data-attr-shortcode=\"href:one_page_express_blog_link\" rel=\"noopener\">all News<\/a> <\/div> <\/div><\/div><div  class=\"contact-section-formsection white-text\" id=\"kontakt\" style=\"background-position: center 134.18%; background-image: url(&quot;https:\/\/sprichspanisch.com\/wp-content\/plugins\/one-page-express-companion\/theme-data\/one-page-express\/sections\/images\/Travel_through_New_York_wallpaper-1920x1200.jpg&quot;); background-repeat: no-repeat no-repeat; background-size: auto 7634px;\" data-id=\"contact-section\" data-bg=\"transparent\" data-label=\"Kontakt\" data-category=\"contact\"> <div  class=\"gridContainer\"> <div  class=\"row_224\"> <div  class=\"contact-textrow\"> <div  class=\"contact-textcol dynamic-color\"> <h2 >We are happy to hear from them.<\/h2> <p  class=\"white_text\"><\/p> <\/div> <\/div> <\/div> <div  class=\"contact-formcol\" data-content-shortcode=\"one_page_express_contact_form shortcode=&quot;contact-form-7 id=&amp;amp;quot;48&amp;amp;quot; title=&amp;amp;quot;Kontaktformular 1&amp;amp;quot;&quot;\" data-editable=\"true\">\n<div class=\"wpcf7 no-js\" id=\"wpcf7-f48-o1\" lang=\"de-DE\" dir=\"ltr\">\n<div class=\"screen-reader-response\"><p role=\"status\" aria-live=\"polite\" aria-atomic=\"true\"><\/p> <ul><\/ul><\/div>\n<form action=\"\/en\/wp-json\/wp\/v2\/pages\/21#wpcf7-f48-o1\" method=\"post\" class=\"wpcf7-form init\" aria-label=\"Kontaktformular\" novalidate=\"novalidate\" data-status=\"init\" data-trp-original-action=\"\/en\/wp-json\/wp\/v2\/pages\/21#wpcf7-f48-o1\">\n<div style=\"display: none;\">\n<input type=\"hidden\" name=\"_wpcf7\" value=\"48\" \/>\n<input type=\"hidden\" name=\"_wpcf7_version\" value=\"5.9.6\" \/>\n<input type=\"hidden\" name=\"_wpcf7_locale\" value=\"de_DE\" \/>\n<input type=\"hidden\" name=\"_wpcf7_unit_tag\" value=\"wpcf7-f48-o1\" \/>\n<input type=\"hidden\" name=\"_wpcf7_container_post\" value=\"0\" \/>\n<input type=\"hidden\" name=\"_wpcf7_posted_data_hash\" value=\"\" \/>\n<\/div>\n<p><img loading=\"lazy\" decoding=\"async\" class=\"aligncenter size-large wp-image-933\" src=\"https:\/\/sprichspanisch.com\/wp-content\/uploads\/2019\/02\/sprichspanisch-naranja.png\" alt=\"\" width=\"800\" height=\"297\" \/>\n<\/p>\n<p><label> Name (required)<br \/>\n<span class=\"wpcf7-form-control-wrap\" data-name=\"your-name\"><input size=\"40\" maxlength=\"80\" class=\"wpcf7-form-control wpcf7-text wpcf7-validates-as-required\" aria-required=\"true\" aria-invalid=\"false\" value=\"\" type=\"text\" name=\"your-name\" \/><\/span> <\/label>\n<\/p>\n<p><label> E-Mail Address (required)<br \/>\n<span class=\"wpcf7-form-control-wrap\" data-name=\"your-email\"><input size=\"40\" maxlength=\"80\" class=\"wpcf7-form-control wpcf7-email wpcf7-validates-as-required wpcf7-text wpcf7-validates-as-email\" aria-required=\"true\" aria-invalid=\"false\" value=\"\" type=\"email\" name=\"your-email\" \/><\/span> <\/label>\n<\/p>\n<p><span id=\"wpcf7-69e1d81534772-wrapper\" class=\"wpcf7-form-control-wrap webseite-wrap\" style=\"display:none !important; visibility:hidden !important;\"><label for=\"wpcf7-69e1d81534772-field\" class=\"hp-message\">Bitte lasse dieses Feld leer.<\/label><input id=\"wpcf7-69e1d81534772-field\"  class=\"wpcf7-form-control wpcf7-text\" type=\"text\" name=\"webseite\" value=\"\" size=\"40\" tabindex=\"-1\" autocomplete=\"new-password\" \/><\/span>\n<\/p>\n<p><label> Subject<br \/>\n<span class=\"wpcf7-form-control-wrap\" data-name=\"your-subject\"><input size=\"40\" maxlength=\"80\" class=\"wpcf7-form-control wpcf7-text\" aria-invalid=\"false\" value=\"\" type=\"text\" name=\"your-subject\" \/><\/span> <\/label>\n<\/p>\n<p><label> Message<br \/>\n<span class=\"wpcf7-form-control-wrap\" data-name=\"your-message\"><textarea cols=\"40\" rows=\"10\" maxlength=\"400\" class=\"wpcf7-form-control wpcf7-textarea\" aria-invalid=\"false\" name=\"your-message\"><\/textarea><\/span> <\/label>\n<\/p>\n<p><span class=\"wpcf7-form-control-wrap\" data-name=\"Spamschutz\"><label><span class=\"wpcf7-quiz-label\">2 x 6 =<\/span> <input size=\"40\" class=\"wpcf7-form-control wpcf7-quiz\" autocomplete=\"off\" aria-required=\"true\" aria-invalid=\"false\" type=\"text\" name=\"Spamschutz\" \/><\/label><input type=\"hidden\" name=\"_wpcf7_quiz_answer_Spamschutz\" value=\"44c38e4cf0ee0ece2f0d1e7ad3b1e778\" \/><\/span>\n<\/p>\n<p><span id=\"wpcf7-69e1d81534a83-wrapper\" class=\"wpcf7-form-control-wrap mail-wrap\" style=\"display:none !important; visibility:hidden !important;\"><label for=\"wpcf7-69e1d81534a83-field\" class=\"hp-message\">Bitte lasse dieses Feld leer.<\/label><input id=\"wpcf7-69e1d81534a83-field\"  class=\"wpcf7-form-control wpcf7-text\" type=\"text\" name=\"mail\" value=\"\" size=\"40\" tabindex=\"-1\" autocomplete=\"new-password\" \/><\/span>\n<\/p>\n<p>[mc4wp_checkbox]\n<\/p>\n<p><span class=\"wpcf7-form-control-wrap\" data-name=\"acceptance-285\"><span class=\"wpcf7-form-control wpcf7-acceptance\"><span class=\"wpcf7-list-item\"><label><input type=\"checkbox\" name=\"acceptance-285\" value=\"1\" aria-invalid=\"false\" \/><span class=\"wpcf7-list-item-label\">Ich akzeptiere die <a href=\"https:\/\/sprichspanisch.com\/en\/datenschutzerklaerung\/\" target=\"_blank\">rechtlichen Hinweise<\/a> zur Datenspeicherung<\/span><\/label><\/span><\/span><\/span>\n<\/p>\n<p><input class=\"wpcf7-form-control wpcf7-submit has-spinner\" type=\"submit\" value=\"Send\" \/>\n<\/p><p style=\"display: none !important;\" class=\"akismet-fields-container\" data-prefix=\"_wpcf7_ak_\"><label>&#916;<textarea name=\"_wpcf7_ak_hp_textarea\" cols=\"45\" rows=\"8\" maxlength=\"100\"><\/textarea><\/label><input type=\"hidden\" id=\"ak_js_1\" name=\"_wpcf7_ak_js\" value=\"89\"\/><script>document.getElementById( \"ak_js_1\" ).setAttribute( \"value\", ( new Date() ).getTime() );<\/script><\/p><div class=\"wpcf7-response-output\" aria-hidden=\"true\"><\/div>\n<input type=\"hidden\" name=\"trp-form-language\" value=\"en\"\/><\/form>\n<\/div>\n<\/div> <\/div><\/div>","protected":false},"excerpt":{"rendered":"<p>die Sprache Toda aventura empieza con un s\u00ed. Jedes Abenteuer beginnt mit einem \u201eJa\u201c. Es gibt keinen Ort , an dem eine Sprache zuhause ist. Sie geh\u00f6rt allen und wird deshalb \u00fcberall auf der Welt verschieden gelebt. Was machen wir Durch B\u00fccher, Motivation, Ziele, Lernen, Ideen, H\u00f6ren, Konversation und Lachen werden Sie in einem angenehmen&hellip; <br \/> <a class=\"button small blue\" href=\"https:\/\/sprichspanisch.com\/en\/neu-kurs-online-buchen\/\">Read more<\/a><\/p>","protected":false},"author":1,"featured_media":0,"parent":0,"menu_order":0,"comment_status":"closed","ping_status":"closed","template":"","meta":{"footnotes":""},"aioseo_notices":[],"_links":{"self":[{"href":"https:\/\/sprichspanisch.com\/en\/wp-json\/wp\/v2\/pages\/21"}],"collection":[{"href":"https:\/\/sprichspanisch.com\/en\/wp-json\/wp\/v2\/pages"}],"about":[{"href":"https:\/\/sprichspanisch.com\/en\/wp-json\/wp\/v2\/types\/page"}],"author":[{"embeddable":true,"href":"https:\/\/sprichspanisch.com\/en\/wp-json\/wp\/v2\/users\/1"}],"replies":[{"embeddable":true,"href":"https:\/\/sprichspanisch.com\/en\/wp-json\/wp\/v2\/comments?post=21"}],"version-history":[{"count":67,"href":"https:\/\/sprichspanisch.com\/en\/wp-json\/wp\/v2\/pages\/21\/revisions"}],"predecessor-version":[{"id":382,"href":"https:\/\/sprichspanisch.com\/en\/wp-json\/wp\/v2\/pages\/21\/revisions\/382"}],"wp:attachment":[{"href":"https:\/\/sprichspanisch.com\/en\/wp-json\/wp\/v2\/media?parent=21"}],"curies":[{"name":"wp","href":"https:\/\/api.w.org\/{rel}","templated":true}]}}